{"id":1067,"date":"2020-05-03T04:25:34","date_gmt":"2020-05-03T04:25:34","guid":{"rendered":"http:\/\/pemic.com.co\/?post_type=product&#038;p=1067"},"modified":"2023-05-13T04:16:23","modified_gmt":"2023-05-13T04:16:23","slug":"mueble1","status":"publish","type":"product","link":"https:\/\/pemic.com.co\/?product=mueble1","title":{"rendered":"PEM1 &#8211; Mueble para impresoras medianas y grandes (impresoras de m\u00e1s de 35cm de ancho). Dimensiones 60&#215;47,5x80cm. Puedes pagarlo contra entrega. Aprovecha el descuento de Lanzamiento."},"content":{"rendered":"<ul>\n<li>Descripci\u00f3n: Mueble para impresoras peque\u00f1as (impresoras de hasta 35cm de ancho), el cual a su vez es un punto ecol\u00f3gico.<\/li>\n<li>Consta de:\n<ul>\n<li>Tres gavetas porta canecas con canecas de 14 litros para residuos reciclables, no reciclables y org\u00e1nicos<\/li>\n<li>Cuatro gavetas organizadoras para papel oficio y carta, tanto nuevo como reutilizable.<\/li>\n<\/ul>\n<\/li>\n<li>Acabado: pintura electrost\u00e1tica.<\/li>\n<li>Material de fabricaci\u00f3n: l\u00e1mina CR.<\/li>\n<li>Colores disponibles: plateado y negro.<\/li>\n<li>Dimensiones:\u00a0 largo 60cm, ancho 47,5cm y alto 80cm. (Cuenta con cuatro niveladores para mejorar su estabilidad).<\/li>\n<li>Peso: 34,5Kg.<\/li>\n<li>Todas las canecas se encuentran separadas entre s\u00ed mediante las divisiones propias del mueble.<\/li>\n<li>Tiempo de entrega de 6 a 8 d\u00edas h\u00e1biles.<\/li>\n<li>Env\u00edo no incluido.<\/li>\n<\/ul>\n","protected":false},"excerpt":{"rendered":"<p>ENV\u00cdO GRATIS PARA BOGOT\u00c1<\/p>\n<p>Punto ecol\u00f3gico con tres canecas de 14 litros, para clasificar residuos reciclables, no reciclables y org\u00e1nicos, adem\u00e1s, cuenta con cuatro gavetas para el almacenamiento de papel carta, carta reutilizable, oficio y oficio reutilizable. Dimensiones: largo 60cm, ancho 47,5cm y alto 80cm.<\/p>\n","protected":false},"featured_media":1830,"comment_status":"open","ping_status":"closed","template":"","meta":{"site-sidebar-layout":"default","site-content-layout":"default","ast-global-header-display":"","ast-banner-title-visibility":"","ast-main-header-display":"","ast-hfb-above-header-display":"","ast-hfb-below-header-display":"","ast-hfb-mobile-header-display":"","site-post-title":"","ast-breadcrumbs-content":"","ast-featured-img":"","footer-sml-layout":"","theme-transparent-header-meta":"default","adv-header-id-meta":"","stick-header-meta":"","header-above-stick-meta":"","header-main-stick-meta":"","header-below-stick-meta":""},"product_cat":[17],"product_tag":[],"yoast_head":"<!-- This site is optimized with the Yoast SEO plugin v20.6 - https:\/\/yoast.com\/wordpress\/plugins\/seo\/ -->\n<title>PEM1 - Mueble para impresoras medianas y grandes (impresoras de m\u00e1s de 35cm de ancho). Dimensiones 60x47,5x80cm. Puedes pagarlo contra entrega. Aprovecha el descuento de Lanzamiento. - pemic.com.co<\/title>\n<meta name=\"robots\" content=\"index, follow, max-snippet:-1, max-image-preview:large, max-video-preview:-1\" \/>\n<link rel=\"canonical\" href=\"https:\/\/pemic.com.co\/?product=mueble1\" \/>\n<meta property=\"og:locale\" content=\"es_ES\" \/>\n<meta property=\"og:type\" content=\"article\" \/>\n<meta property=\"og:title\" content=\"PEM1 - Mueble para impresoras medianas y grandes (impresoras de m\u00e1s de 35cm de ancho). Dimensiones 60x47,5x80cm. Puedes pagarlo contra entrega. Aprovecha el descuento de Lanzamiento. - pemic.com.co\" \/>\n<meta property=\"og:description\" content=\"ENV\u00cdO GRATIS PARA BOGOT\u00c1  Punto ecol\u00f3gico con tres canecas de 14 litros, para clasificar residuos reciclables, no reciclables y org\u00e1nicos, adem\u00e1s, cuenta con cuatro gavetas para el almacenamiento de papel carta, carta reutilizable, oficio y oficio reutilizable. Dimensiones: largo 60cm, ancho 47,5cm y alto 80cm.\" \/>\n<meta property=\"og:url\" content=\"https:\/\/pemic.com.co\/?product=mueble1\" \/>\n<meta property=\"og:site_name\" content=\"pemic.com.co\" \/>\n<meta property=\"article:modified_time\" content=\"2023-05-13T04:16:23+00:00\" \/>\n<meta property=\"og:image\" content=\"https:\/\/pemic.com.co\/wp-content\/uploads\/2020\/05\/1MUEBL1-4.jpg\" \/>\n\t<meta property=\"og:image:width\" content=\"1080\" \/>\n\t<meta property=\"og:image:height\" content=\"1350\" \/>\n\t<meta property=\"og:image:type\" content=\"image\/jpeg\" \/>\n<meta name=\"twitter:card\" content=\"summary_large_image\" \/>\n<meta name=\"twitter:label1\" content=\"Tiempo de lectura\" \/>\n\t<meta name=\"twitter:data1\" content=\"1 minuto\" \/>\n<script type=\"application\/ld+json\" class=\"yoast-schema-graph\">{\"@context\":\"https:\/\/schema.org\",\"@graph\":[{\"@type\":\"WebPage\",\"@id\":\"https:\/\/pemic.com.co\/?product=mueble1\",\"url\":\"https:\/\/pemic.com.co\/?product=mueble1\",\"name\":\"PEM1 - Mueble para impresoras medianas y grandes (impresoras de m\u00e1s de 35cm de ancho). Dimensiones 60x47,5x80cm. Puedes pagarlo contra entrega. Aprovecha el descuento de Lanzamiento. - pemic.com.co\",\"isPartOf\":{\"@id\":\"https:\/\/pemic.com.co\/#website\"},\"datePublished\":\"2020-05-03T04:25:34+00:00\",\"dateModified\":\"2023-05-13T04:16:23+00:00\",\"breadcrumb\":{\"@id\":\"https:\/\/pemic.com.co\/?product=mueble1#breadcrumb\"},\"inLanguage\":\"es\",\"potentialAction\":[{\"@type\":\"ReadAction\",\"target\":[\"https:\/\/pemic.com.co\/?product=mueble1\"]}]},{\"@type\":\"BreadcrumbList\",\"@id\":\"https:\/\/pemic.com.co\/?product=mueble1#breadcrumb\",\"itemListElement\":[{\"@type\":\"ListItem\",\"position\":1,\"name\":\"Portada\",\"item\":\"https:\/\/pemic.com.co\/\"},{\"@type\":\"ListItem\",\"position\":2,\"name\":\"Nuestros productos\",\"item\":\"https:\/\/pemic.com.co\/?page_id=866\"},{\"@type\":\"ListItem\",\"position\":3,\"name\":\"PEM1 &#8211; Mueble para impresoras medianas y grandes (impresoras de m\u00e1s de 35cm de ancho). Dimensiones 60&#215;47,5x80cm. Puedes pagarlo contra entrega. Aprovecha el descuento de Lanzamiento.\"}]},{\"@type\":\"WebSite\",\"@id\":\"https:\/\/pemic.com.co\/#website\",\"url\":\"https:\/\/pemic.com.co\/\",\"name\":\"pemic.com.co\",\"description\":\"Optimiza tu espacio y contribuye con el medio ambiente.\",\"publisher\":{\"@id\":\"https:\/\/pemic.com.co\/#organization\"},\"potentialAction\":[{\"@type\":\"SearchAction\",\"target\":{\"@type\":\"EntryPoint\",\"urlTemplate\":\"https:\/\/pemic.com.co\/?s={search_term_string}\"},\"query-input\":\"required name=search_term_string\"}],\"inLanguage\":\"es\"},{\"@type\":\"Organization\",\"@id\":\"https:\/\/pemic.com.co\/#organization\",\"name\":\"pemic.com.co\",\"url\":\"https:\/\/pemic.com.co\/\",\"logo\":{\"@type\":\"ImageObject\",\"inLanguage\":\"es\",\"@id\":\"https:\/\/pemic.com.co\/#\/schema\/logo\/image\/\",\"url\":\"https:\/\/pemic.com.co\/wp-content\/uploads\/2022\/08\/cropped-cropped-cropped-LOGO-PEMIC-Borde-Grueso-1.png\",\"contentUrl\":\"https:\/\/pemic.com.co\/wp-content\/uploads\/2022\/08\/cropped-cropped-cropped-LOGO-PEMIC-Borde-Grueso-1.png\",\"width\":1920,\"height\":738,\"caption\":\"pemic.com.co\"},\"image\":{\"@id\":\"https:\/\/pemic.com.co\/#\/schema\/logo\/image\/\"}}]}<\/script>\n<!-- \/ Yoast SEO plugin. -->","yoast_head_json":{"title":"PEM1 - Mueble para impresoras medianas y grandes (impresoras de m\u00e1s de 35cm de ancho). Dimensiones 60x47,5x80cm. Puedes pagarlo contra entrega. Aprovecha el descuento de Lanzamiento. - pemic.com.co","robots":{"index":"index","follow":"follow","max-snippet":"max-snippet:-1","max-image-preview":"max-image-preview:large","max-video-preview":"max-video-preview:-1"},"canonical":"https:\/\/pemic.com.co\/?product=mueble1","og_locale":"es_ES","og_type":"article","og_title":"PEM1 - Mueble para impresoras medianas y grandes (impresoras de m\u00e1s de 35cm de ancho). Dimensiones 60x47,5x80cm. Puedes pagarlo contra entrega. Aprovecha el descuento de Lanzamiento. - pemic.com.co","og_description":"ENV\u00cdO GRATIS PARA BOGOT\u00c1  Punto ecol\u00f3gico con tres canecas de 14 litros, para clasificar residuos reciclables, no reciclables y org\u00e1nicos, adem\u00e1s, cuenta con cuatro gavetas para el almacenamiento de papel carta, carta reutilizable, oficio y oficio reutilizable. Dimensiones: largo 60cm, ancho 47,5cm y alto 80cm.","og_url":"https:\/\/pemic.com.co\/?product=mueble1","og_site_name":"pemic.com.co","article_modified_time":"2023-05-13T04:16:23+00:00","og_image":[{"width":1080,"height":1350,"url":"https:\/\/pemic.com.co\/wp-content\/uploads\/2020\/05\/1MUEBL1-4.jpg","type":"image\/jpeg"}],"twitter_card":"summary_large_image","twitter_misc":{"Tiempo de lectura":"1 minuto"},"schema":{"@context":"https:\/\/schema.org","@graph":[{"@type":"WebPage","@id":"https:\/\/pemic.com.co\/?product=mueble1","url":"https:\/\/pemic.com.co\/?product=mueble1","name":"PEM1 - Mueble para impresoras medianas y grandes (impresoras de m\u00e1s de 35cm de ancho). Dimensiones 60x47,5x80cm. Puedes pagarlo contra entrega. Aprovecha el descuento de Lanzamiento. - pemic.com.co","isPartOf":{"@id":"https:\/\/pemic.com.co\/#website"},"datePublished":"2020-05-03T04:25:34+00:00","dateModified":"2023-05-13T04:16:23+00:00","breadcrumb":{"@id":"https:\/\/pemic.com.co\/?product=mueble1#breadcrumb"},"inLanguage":"es","potentialAction":[{"@type":"ReadAction","target":["https:\/\/pemic.com.co\/?product=mueble1"]}]},{"@type":"BreadcrumbList","@id":"https:\/\/pemic.com.co\/?product=mueble1#breadcrumb","itemListElement":[{"@type":"ListItem","position":1,"name":"Portada","item":"https:\/\/pemic.com.co\/"},{"@type":"ListItem","position":2,"name":"Nuestros productos","item":"https:\/\/pemic.com.co\/?page_id=866"},{"@type":"ListItem","position":3,"name":"PEM1 &#8211; Mueble para impresoras medianas y grandes (impresoras de m\u00e1s de 35cm de ancho). Dimensiones 60&#215;47,5x80cm. Puedes pagarlo contra entrega. Aprovecha el descuento de Lanzamiento."}]},{"@type":"WebSite","@id":"https:\/\/pemic.com.co\/#website","url":"https:\/\/pemic.com.co\/","name":"pemic.com.co","description":"Optimiza tu espacio y contribuye con el medio ambiente.","publisher":{"@id":"https:\/\/pemic.com.co\/#organization"},"potentialAction":[{"@type":"SearchAction","target":{"@type":"EntryPoint","urlTemplate":"https:\/\/pemic.com.co\/?s={search_term_string}"},"query-input":"required name=search_term_string"}],"inLanguage":"es"},{"@type":"Organization","@id":"https:\/\/pemic.com.co\/#organization","name":"pemic.com.co","url":"https:\/\/pemic.com.co\/","logo":{"@type":"ImageObject","inLanguage":"es","@id":"https:\/\/pemic.com.co\/#\/schema\/logo\/image\/","url":"https:\/\/pemic.com.co\/wp-content\/uploads\/2022\/08\/cropped-cropped-cropped-LOGO-PEMIC-Borde-Grueso-1.png","contentUrl":"https:\/\/pemic.com.co\/wp-content\/uploads\/2022\/08\/cropped-cropped-cropped-LOGO-PEMIC-Borde-Grueso-1.png","width":1920,"height":738,"caption":"pemic.com.co"},"image":{"@id":"https:\/\/pemic.com.co\/#\/schema\/logo\/image\/"}}]}},"_links":{"self":[{"href":"https:\/\/pemic.com.co\/index.php?rest_route=\/wp\/v2\/product\/1067"}],"collection":[{"href":"https:\/\/pemic.com.co\/index.php?rest_route=\/wp\/v2\/product"}],"about":[{"href":"https:\/\/pemic.com.co\/index.php?rest_route=\/wp\/v2\/types\/product"}],"replies":[{"embeddable":true,"href":"https:\/\/pemic.com.co\/index.php?rest_route=%2Fwp%2Fv2%2Fcomments&post=1067"}],"wp:featuredmedia":[{"embeddable":true,"href":"https:\/\/pemic.com.co\/index.php?rest_route=\/wp\/v2\/media\/1830"}],"wp:attachment":[{"href":"https:\/\/pemic.com.co\/index.php?rest_route=%2Fwp%2Fv2%2Fmedia&parent=1067"}],"wp:term":[{"taxonomy":"product_cat","embeddable":true,"href":"https:\/\/pemic.com.co\/index.php?rest_route=%2Fwp%2Fv2%2Fproduct_cat&post=1067"},{"taxonomy":"product_tag","embeddable":true,"href":"https:\/\/pemic.com.co\/index.php?rest_route=%2Fwp%2Fv2%2Fproduct_tag&post=1067"}],"curies":[{"name":"wp","href":"https:\/\/api.w.org\/{rel}","templated":true}]}}